{"id":1458,"date":"2024-05-15T04:33:52","date_gmt":"2024-05-15T04:33:52","guid":{"rendered":"https:\/\/akali.sva.la-studioweb.com\/?page_id=1458"},"modified":"2024-11-21T15:54:57","modified_gmt":"2024-11-21T14:54:57","slug":"our-expertise","status":"publish","type":"page","link":"https:\/\/atlas-creation.fr\/en\/our-expertise\/","title":{"rendered":"Our Expertise"},"content":{"rendered":"\t\t<div data-elementor-type=\"wp-page\" data-elementor-id=\"1458\" class=\"elementor elementor-1458\">\n\t\t\t\t<div class=\"elementor-element elementor-element-20b2726 e-flex e-con-boxed lakit-col-width-auto-no e-container e-root-container elementor-top-section e-con e-parent\" data-id=\"20b2726\" data-element_type=\"container\" data-e-type=\"container\" data-settings=\"{&quot;background_background&quot;:&quot;classic&quot;,&quot;background_motion_fx_motion_fx_scrolling&quot;:&quot;yes&quot;,&quot;background_motion_fx_translateY_effect&quot;:&quot;yes&quot;,&quot;background_motion_fx_translateY_direction&quot;:&quot;negative&quot;,&quot;background_motion_fx_translateY_speed&quot;:{&quot;unit&quot;:&quot;px&quot;,&quot;size&quot;:3,&quot;sizes&quot;:[]},&quot;background_motion_fx_translateY_affectedRange&quot;:{&quot;unit&quot;:&quot;%&quot;,&quot;size&quot;:&quot;&quot;,&quot;sizes&quot;:{&quot;start&quot;:20,&quot;end&quot;:80}},&quot;background_motion_fx_devices&quot;:[&quot;mobile&quot;,&quot;mobile_extra&quot;,&quot;tablet&quot;,&quot;laptop&quot;,&quot;desktop&quot;]}\">\n\t\t\t\t\t<div class=\"e-con-inner\">\n\t\t\t\t<div class=\"elementor-element elementor-element-8bbb56d elementor-widget elementor-widget-heading\" data-id=\"8bbb56d\" data-element_type=\"widget\" data-e-type=\"widget\" data-widget_type=\"heading.default\">\n\t\t\t\t<div class=\"elementor-widget-container\">\n\t\t\t\t\t<h2 class=\"elementor-heading-title elementor-size-default\">Our Expertise<\/h2>\t\t\t\t<\/div>\n\t\t\t\t<\/div>\n\t\t\t\t\t<\/div>\n\t\t\t\t<\/div>\n\t\t<div class=\"elementor-element elementor-element-30fb3ce e-grid e-con-boxed lakit-col-width-auto-no e-container e-root-container elementor-top-section e-con e-parent\" data-id=\"30fb3ce\" data-element_type=\"container\" data-e-type=\"container\" data-settings=\"{&quot;background_background&quot;:&quot;classic&quot;}\">\n\t\t\t\t\t<div class=\"e-con-inner\">\n\t\t<div class=\"elementor-element elementor-element-b0844d3 e-flex e-con-boxed lakit-col-width-auto-no e-container e-con e-child\" data-id=\"b0844d3\" data-element_type=\"container\" data-e-type=\"container\">\n\t\t\t\t\t<div class=\"e-con-inner\">\n\t\t\t\t<div class=\"elementor-element elementor-element-00c4cd0 elementor-widget elementor-widget-text-editor\" data-id=\"00c4cd0\" data-element_type=\"widget\" data-e-type=\"widget\" data-widget_type=\"text-editor.default\">\n\t\t\t\t<div class=\"elementor-widget-container\">\n\t\t\t\t\t\t\t\t\t<p>The process of lost-wax casting is at the heart of our expertise, allowing us to create high-quality haute couture fashion jewelry. Each piece is the result of a passion for craftsmanship. By choosing our workshop, you opt for creations where every detail is meticulously crafted.<\/p><p><strong>Commitment to Haute Couture<\/strong><br \/>We understand the unique demands of haute couture, where each piece must be both spectacular and flawlessly executed. Our fashion jewelry is designed to complement and enhance the creations of the finest couturiers, adding a final touch of luxury and elegance.<\/p>\t\t\t\t\t\t\t\t<\/div>\n\t\t\t\t<\/div>\n\t\t\t\t<div class=\"elementor-element elementor-element-35cfd9e elementor-align-center elementor-widget__width-initial elementor-widget elementor-widget-button\" data-id=\"35cfd9e\" data-element_type=\"widget\" data-e-type=\"widget\" data-widget_type=\"button.default\">\n\t\t\t\t<div class=\"elementor-widget-container\">\n\t\t\t\t\t\t\t\t\t<div class=\"elementor-button-wrapper\">\n\t\t\t\t\t<a class=\"elementor-button elementor-button-link elementor-size-sm\" href=\"https:\/\/atlas-creation.fr\/en\/contact\/\">\n\t\t\t\t\t\t<span class=\"elementor-button-content-wrapper\">\n\t\t\t\t\t\t<span class=\"elementor-button-icon\">\n\t\t\t\t<svg xmlns=\"http:\/\/www.w3.org\/2000\/svg\" width=\"38\" height=\"38\" viewBox=\"0 0 38 38\"><path fill=\"currentColor\" d=\"m30.833 19.594-30.24-.025a.594.594 0 1 1 0-1.187l30.241.024a.594.594 0 1 1 0 1.188Z\"><\/path><path fill=\"currentColor\" d=\"M38 19.007c-3.373 1.247-7.559 3.38-10.153 5.64L29.893 19l-2.038-5.648c2.591 2.264 6.774 4.401 10.145 5.655Z\"><\/path><\/svg>\t\t\t<\/span>\n\t\t\t\t\t\t\t\t\t<span class=\"elementor-button-text\">Contact Us<\/span>\n\t\t\t\t\t<\/span>\n\t\t\t\t\t<\/a>\n\t\t\t\t<\/div>\n\t\t\t\t\t\t\t\t<\/div>\n\t\t\t\t<\/div>\n\t\t\t\t\t<\/div>\n\t\t\t\t<\/div>\n\t\t\t\t<div class=\"elementor-element elementor-element-ed898d4 elementor-widget elementor-widget-image\" data-id=\"ed898d4\" data-element_type=\"widget\" data-e-type=\"widget\" data-widget_type=\"image.default\">\n\t\t\t\t<div class=\"elementor-widget-container\">\n\t\t\t\t\t\t\t\t\t\t\t\t\t\t\t<img fetchpriority=\"high\" decoding=\"async\" width=\"600\" height=\"504\" src=\"https:\/\/atlas-creation.fr\/en\/wp-content\/uploads\/2024\/11\/couple-of-rings-600x504.png\" class=\"attachment-woocommerce_single size-woocommerce_single wp-image-4790\" alt=\"\" \/>\t\t\t\t\t\t\t\t\t\t\t\t\t\t\t<\/div>\n\t\t\t\t<\/div>\n\t\t\t\t\t<\/div>\n\t\t\t\t<\/div>\n\t\t<div class=\"elementor-element elementor-element-1567a5c e-flex e-con-boxed lakit-col-width-auto-no e-container e-root-container elementor-top-section e-con e-parent\" data-id=\"1567a5c\" data-element_type=\"container\" data-e-type=\"container\" data-settings=\"{&quot;background_background&quot;:&quot;classic&quot;}\">\n\t\t\t\t\t<div class=\"e-con-inner\">\n\t\t<div class=\"elementor-element elementor-element-5b09022 e-con-full e-flex lakit-col-width-auto-no e-container e-con e-child\" data-id=\"5b09022\" data-element_type=\"container\" data-e-type=\"container\" data-settings=\"{&quot;background_background&quot;:&quot;classic&quot;}\">\n\t\t\t\t<div class=\"elementor-element elementor-element-bb0930b elementor-widget elementor-widget-heading\" data-id=\"bb0930b\" data-element_type=\"widget\" data-e-type=\"widget\" data-widget_type=\"heading.default\">\n\t\t\t\t<div class=\"elementor-widget-container\">\n\t\t\t\t\t<h2 class=\"elementor-heading-title elementor-size-default\">Aimen MAADI: My Journey<\/h2>\t\t\t\t<\/div>\n\t\t\t\t<\/div>\n\t\t\t\t<div class=\"elementor-element elementor-element-d4fc425 elementor-widget__width-initial elementor-widget elementor-widget-text-editor\" data-id=\"d4fc425\" data-element_type=\"widget\" data-e-type=\"widget\" data-widget_type=\"text-editor.default\">\n\t\t\t\t<div class=\"elementor-widget-container\">\n\t\t\t\t\t\t\t\t\t<p>Aimen is a seasoned professional with 25 years of experience in the jewelry industry, including 11 years spent in France. Over the years, he has successfully combined traditional craftsmanship to create unique pieces that reflect his expertise and passion for the art of jewelry making.<\/p><p>Aimen began his career in 1998 as an apprentice in a family workshop in Tunisia, where he acquired the foundations of the trade while working with experienced artisans. His talent and determination quickly propelled him into positions of responsibility, allowing him to develop and refine his technical skills as Assistant Manager in lost-wax casting (LWC).<\/p><p>In France, as LWC Manager, Aimen enriched his journey by collaborating with a renowned house in fashion jewelry for haute couture, contributing to prestigious collections. His work has been praised for its precision, blending tradition and modernity.<br \/>In addition to his technical skills, Aimen is recognized for his ability to lead a team and understand business challenges, particularly: Customer Satisfaction.<br \/><br \/>His commitment to excellence and his passion for his craft continue to inspire those fortunate enough to work alongside him.<\/p>\t\t\t\t\t\t\t\t<\/div>\n\t\t\t\t<\/div>\n\t\t\t\t<\/div>\n\t\t\t\t\t<\/div>\n\t\t\t\t<\/div>\n\t\t<div class=\"elementor-element elementor-element-9754d61 e-flex e-con-boxed lakit-col-width-auto-no e-container e-root-container elementor-top-section e-con e-parent\" data-id=\"9754d61\" data-element_type=\"container\" data-e-type=\"container\" data-settings=\"{&quot;background_background&quot;:&quot;classic&quot;}\">\n\t\t\t\t\t<div class=\"e-con-inner\">\n\t\t<div class=\"elementor-element elementor-element-e8dcab5 e-con-full e-flex lakit-col-width-auto-no e-container e-con e-child\" data-id=\"e8dcab5\" data-element_type=\"container\" data-e-type=\"container\">\n\t\t\t\t<div class=\"elementor-element elementor-element-30439d0 elementor-widget elementor-widget-heading\" data-id=\"30439d0\" data-element_type=\"widget\" data-e-type=\"widget\" data-widget_type=\"heading.default\">\n\t\t\t\t<div class=\"elementor-widget-container\">\n\t\t\t\t\t<h2 class=\"elementor-heading-title elementor-size-default\">Our Vision<\/h2>\t\t\t\t<\/div>\n\t\t\t\t<\/div>\n\t\t\t\t<div class=\"elementor-element elementor-element-0d3e6d4 elementor-widget elementor-widget-spacer\" data-id=\"0d3e6d4\" data-element_type=\"widget\" data-e-type=\"widget\" data-widget_type=\"spacer.default\">\n\t\t\t\t<div class=\"elementor-widget-container\">\n\t\t\t\t\t\t\t<div class=\"elementor-spacer\">\n\t\t\t<div class=\"elementor-spacer-inner\"><\/div>\n\t\t<\/div>\n\t\t\t\t\t\t<\/div>\n\t\t\t\t<\/div>\n\t\t\t\t<div class=\"elementor-element elementor-element-9c418a1 elementor-widget elementor-widget-text-editor\" data-id=\"9c418a1\" data-element_type=\"widget\" data-e-type=\"widget\" data-widget_type=\"text-editor.default\">\n\t\t\t\t<div class=\"elementor-widget-container\">\n\t\t\t\t\t\t\t\t\t<p><span class=\"TextRun SCXW85275704 BCX0\" lang=\"EN-US\" xml:lang=\"EN-US\" data-contrast=\"auto\"><span class=\"NormalTextRun SCXW85275704 BCX0\">Our goal at Atlas Creation is to become an indispensable trusted partner by providing an exceptional customer experience.<\/span><\/span><span class=\"LineBreakBlob BlobObject DragDrop SCXW85275704 BCX0\"><span class=\"SCXW85275704 BCX0\">\u00a0<\/span><br class=\"SCXW85275704 BCX0\" \/><\/span><span class=\"TextRun SCXW85275704 BCX0\" lang=\"EN-US\" xml:lang=\"EN-US\" data-contrast=\"auto\"><span class=\"NormalTextRun SCXW85275704 BCX0\">To achieve this, we rely on our ability to offer solutions, our <\/span><span class=\"NormalTextRun SCXW85275704 BCX0\">capacity<\/span><span class=\"NormalTextRun SCXW85275704 BCX0\"> to push boundaries, and our dedication to excellence.<\/span><\/span><\/p>\t\t\t\t\t\t\t\t<\/div>\n\t\t\t\t<\/div>\n\t\t\t\t<div class=\"elementor-element elementor-element-168fa33 elementor-widget elementor-widget-spacer\" data-id=\"168fa33\" data-element_type=\"widget\" data-e-type=\"widget\" data-widget_type=\"spacer.default\">\n\t\t\t\t<div class=\"elementor-widget-container\">\n\t\t\t\t\t\t\t<div class=\"elementor-spacer\">\n\t\t\t<div class=\"elementor-spacer-inner\"><\/div>\n\t\t<\/div>\n\t\t\t\t\t\t<\/div>\n\t\t\t\t<\/div>\n\t\t\t\t<div class=\"elementor-element elementor-element-6e81af3 elementor-align-left elementor-widget__width-initial elementor-widget-laptop__width-initial elementor-widget elementor-widget-button\" data-id=\"6e81af3\" data-element_type=\"widget\" data-e-type=\"widget\" data-widget_type=\"button.default\">\n\t\t\t\t<div class=\"elementor-widget-container\">\n\t\t\t\t\t\t\t\t\t<div class=\"elementor-button-wrapper\">\n\t\t\t\t\t<a class=\"elementor-button elementor-button-link elementor-size-sm\" href=\"https:\/\/atlas-creation.fr\/en\/contact\/\">\n\t\t\t\t\t\t<span class=\"elementor-button-content-wrapper\">\n\t\t\t\t\t\t<span class=\"elementor-button-icon\">\n\t\t\t\t<svg xmlns=\"http:\/\/www.w3.org\/2000\/svg\" width=\"38\" height=\"38\" viewBox=\"0 0 38 38\"><path fill=\"currentColor\" d=\"m30.833 19.594-30.24-.025a.594.594 0 1 1 0-1.187l30.241.024a.594.594 0 1 1 0 1.188Z\"><\/path><path fill=\"currentColor\" d=\"M38 19.007c-3.373 1.247-7.559 3.38-10.153 5.64L29.893 19l-2.038-5.648c2.591 2.264 6.774 4.401 10.145 5.655Z\"><\/path><\/svg>\t\t\t<\/span>\n\t\t\t\t\t\t\t\t\t<span class=\"elementor-button-text\">Contact Us<\/span>\n\t\t\t\t\t<\/span>\n\t\t\t\t\t<\/a>\n\t\t\t\t<\/div>\n\t\t\t\t\t\t\t\t<\/div>\n\t\t\t\t<\/div>\n\t\t\t\t<\/div>\n\t\t<div class=\"elementor-element elementor-element-b521259 e-con-full e-flex lakit-col-width-auto-no e-container e-con e-child\" data-id=\"b521259\" data-element_type=\"container\" data-e-type=\"container\">\n\t\t\t\t<div class=\"elementor-element elementor-element-f4480c7 elementor-widget elementor-widget-image\" data-id=\"f4480c7\" data-element_type=\"widget\" data-e-type=\"widget\" data-widget_type=\"image.default\">\n\t\t\t\t<div class=\"elementor-widget-container\">\n\t\t\t\t\t\t\t\t\t\t\t\t\t\t\t<img decoding=\"async\" width=\"638\" height=\"601\" src=\"https:\/\/atlas-creation.fr\/en\/wp-content\/uploads\/2024\/11\/jeweler-workshop.png\" class=\"attachment-large size-large wp-image-4791\" alt=\"\" \/>\t\t\t\t\t\t\t\t\t\t\t\t\t\t\t<\/div>\n\t\t\t\t<\/div>\n\t\t\t\t<\/div>\n\t\t\t\t\t<\/div>\n\t\t\t\t<\/div>\n\t\t\t\t<\/div>\n\t\t","protected":false},"excerpt":{"rendered":"<p>Our Expertise The process of lost-wax casting is at the heart of our expertise, allowing us to create high-quality haute couture fashion jewelry. Each piece is the result of a passion for craftsmanship. By choosing our workshop, you opt for creations where every detail is meticulously crafted. Commitment to Haute CoutureWe&hellip;<\/p>\n","protected":false},"author":1,"featured_media":0,"parent":0,"menu_order":0,"comment_status":"closed","ping_status":"closed","template":"","meta":{"footnotes":""},"class_list":["post-1458","page","type-page","status-publish","hentry"],"yoast_head":"<!-- This site is optimized with the Yoast SEO plugin v27.5 - https:\/\/yoast.com\/product\/yoast-seo-wordpress\/ -->\n<title>Our Expertise - Atlas Cr\u00e9ation<\/title>\n<meta name=\"description\" content=\"Plongez dans l&#039;expertise de nos artisans passionn\u00e9s. D\u00e9couvrez notre savoir-faire unique en cr\u00e9ation de bijoux et accessoires artisanaux, alliant tradition et innovation.\" \/>\n<meta name=\"robots\" content=\"index, follow, max-snippet:-1, max-image-preview:large, max-video-preview:-1\" \/>\n<link rel=\"canonical\" href=\"https:\/\/atlas-creation.fr\/en\/our-expertise\/\" \/>\n<meta property=\"og:locale\" content=\"en_US\" \/>\n<meta property=\"og:type\" content=\"article\" \/>\n<meta property=\"og:title\" content=\"Our Expertise - Atlas Cr\u00e9ation\" \/>\n<meta property=\"og:description\" content=\"Plongez dans l&#039;expertise de nos artisans passionn\u00e9s. D\u00e9couvrez notre savoir-faire unique en cr\u00e9ation de bijoux et accessoires artisanaux, alliant tradition et innovation.\" \/>\n<meta property=\"og:url\" content=\"https:\/\/atlas-creation.fr\/en\/our-expertise\/\" \/>\n<meta property=\"og:site_name\" content=\"Atlas Cr\u00e9ation\" \/>\n<meta property=\"article:modified_time\" content=\"2024-11-21T14:54:57+00:00\" \/>\n<meta property=\"og:image\" content=\"https:\/\/atlas-creation.fr\/en\/wp-content\/uploads\/2024\/11\/couple-of-rings.png\" \/>\n\t<meta property=\"og:image:width\" content=\"671\" \/>\n\t<meta property=\"og:image:height\" content=\"504\" \/>\n\t<meta property=\"og:image:type\" content=\"image\/png\" \/>\n<meta name=\"twitter:card\" content=\"summary_large_image\" \/>\n<meta name=\"twitter:label1\" content=\"Est. reading time\" \/>\n\t<meta name=\"twitter:data1\" content=\"2 minutes\" \/>\n<script type=\"application\/ld+json\" class=\"yoast-schema-graph\">{\"@context\":\"https:\\\/\\\/schema.org\",\"@graph\":[{\"@type\":\"WebPage\",\"@id\":\"https:\\\/\\\/atlas-creation.fr\\\/en\\\/our-expertise\\\/\",\"url\":\"https:\\\/\\\/atlas-creation.fr\\\/en\\\/our-expertise\\\/\",\"name\":\"Our Expertise - Atlas Cr\u00e9ation\",\"isPartOf\":{\"@id\":\"https:\\\/\\\/atlas-creation.fr\\\/en\\\/#website\"},\"primaryImageOfPage\":{\"@id\":\"https:\\\/\\\/atlas-creation.fr\\\/en\\\/our-expertise\\\/#primaryimage\"},\"image\":{\"@id\":\"https:\\\/\\\/atlas-creation.fr\\\/en\\\/our-expertise\\\/#primaryimage\"},\"thumbnailUrl\":\"https:\\\/\\\/atlas-creation.fr\\\/en\\\/wp-content\\\/uploads\\\/2024\\\/11\\\/couple-of-rings-600x504.png\",\"datePublished\":\"2024-05-15T04:33:52+00:00\",\"dateModified\":\"2024-11-21T14:54:57+00:00\",\"description\":\"Plongez dans l'expertise de nos artisans passionn\u00e9s. D\u00e9couvrez notre savoir-faire unique en cr\u00e9ation de bijoux et accessoires artisanaux, alliant tradition et innovation.\",\"breadcrumb\":{\"@id\":\"https:\\\/\\\/atlas-creation.fr\\\/en\\\/our-expertise\\\/#breadcrumb\"},\"inLanguage\":\"en-US\",\"potentialAction\":[{\"@type\":\"ReadAction\",\"target\":[\"https:\\\/\\\/atlas-creation.fr\\\/en\\\/our-expertise\\\/\"]}]},{\"@type\":\"ImageObject\",\"inLanguage\":\"en-US\",\"@id\":\"https:\\\/\\\/atlas-creation.fr\\\/en\\\/our-expertise\\\/#primaryimage\",\"url\":\"https:\\\/\\\/atlas-creation.fr\\\/en\\\/wp-content\\\/uploads\\\/2024\\\/11\\\/couple-of-rings.png\",\"contentUrl\":\"https:\\\/\\\/atlas-creation.fr\\\/en\\\/wp-content\\\/uploads\\\/2024\\\/11\\\/couple-of-rings.png\",\"width\":671,\"height\":504},{\"@type\":\"BreadcrumbList\",\"@id\":\"https:\\\/\\\/atlas-creation.fr\\\/en\\\/our-expertise\\\/#breadcrumb\",\"itemListElement\":[{\"@type\":\"ListItem\",\"position\":1,\"name\":\"Accueil\",\"item\":\"https:\\\/\\\/atlas-creation.fr\\\/en\\\/\"},{\"@type\":\"ListItem\",\"position\":2,\"name\":\"Our Expertise\"}]},{\"@type\":\"WebSite\",\"@id\":\"https:\\\/\\\/atlas-creation.fr\\\/en\\\/#website\",\"url\":\"https:\\\/\\\/atlas-creation.fr\\\/en\\\/\",\"name\":\"Atlas Cr\u00e9ation\",\"description\":\"\",\"publisher\":{\"@id\":\"https:\\\/\\\/atlas-creation.fr\\\/en\\\/#organization\"},\"potentialAction\":[{\"@type\":\"SearchAction\",\"target\":{\"@type\":\"EntryPoint\",\"urlTemplate\":\"https:\\\/\\\/atlas-creation.fr\\\/en\\\/?s={search_term_string}\"},\"query-input\":{\"@type\":\"PropertyValueSpecification\",\"valueRequired\":true,\"valueName\":\"search_term_string\"}}],\"inLanguage\":\"en-US\"},{\"@type\":\"Organization\",\"@id\":\"https:\\\/\\\/atlas-creation.fr\\\/en\\\/#organization\",\"name\":\"Atlas Cr\u00e9ation\",\"url\":\"https:\\\/\\\/atlas-creation.fr\\\/en\\\/\",\"logo\":{\"@type\":\"ImageObject\",\"inLanguage\":\"en-US\",\"@id\":\"https:\\\/\\\/atlas-creation.fr\\\/en\\\/#\\\/schema\\\/logo\\\/image\\\/\",\"url\":\"https:\\\/\\\/atlas-creation.fr\\\/en\\\/wp-content\\\/uploads\\\/2024\\\/04\\\/logo-atlas-noir.png\",\"contentUrl\":\"https:\\\/\\\/atlas-creation.fr\\\/en\\\/wp-content\\\/uploads\\\/2024\\\/04\\\/logo-atlas-noir.png\",\"width\":896,\"height\":420,\"caption\":\"Atlas Cr\u00e9ation\"},\"image\":{\"@id\":\"https:\\\/\\\/atlas-creation.fr\\\/en\\\/#\\\/schema\\\/logo\\\/image\\\/\"}}]}<\/script>\n<!-- \/ Yoast SEO plugin. -->","yoast_head_json":{"title":"Our Expertise - Atlas Cr\u00e9ation","description":"Plongez dans l'expertise de nos artisans passionn\u00e9s. D\u00e9couvrez notre savoir-faire unique en cr\u00e9ation de bijoux et accessoires artisanaux, alliant tradition et innovation.","robots":{"index":"index","follow":"follow","max-snippet":"max-snippet:-1","max-image-preview":"max-image-preview:large","max-video-preview":"max-video-preview:-1"},"canonical":"https:\/\/atlas-creation.fr\/en\/our-expertise\/","og_locale":"en_US","og_type":"article","og_title":"Our Expertise - Atlas Cr\u00e9ation","og_description":"Plongez dans l'expertise de nos artisans passionn\u00e9s. D\u00e9couvrez notre savoir-faire unique en cr\u00e9ation de bijoux et accessoires artisanaux, alliant tradition et innovation.","og_url":"https:\/\/atlas-creation.fr\/en\/our-expertise\/","og_site_name":"Atlas Cr\u00e9ation","article_modified_time":"2024-11-21T14:54:57+00:00","og_image":[{"width":671,"height":504,"url":"https:\/\/atlas-creation.fr\/en\/wp-content\/uploads\/2024\/11\/couple-of-rings.png","type":"image\/png"}],"twitter_card":"summary_large_image","twitter_misc":{"Est. reading time":"2 minutes"},"schema":{"@context":"https:\/\/schema.org","@graph":[{"@type":"WebPage","@id":"https:\/\/atlas-creation.fr\/en\/our-expertise\/","url":"https:\/\/atlas-creation.fr\/en\/our-expertise\/","name":"Our Expertise - Atlas Cr\u00e9ation","isPartOf":{"@id":"https:\/\/atlas-creation.fr\/en\/#website"},"primaryImageOfPage":{"@id":"https:\/\/atlas-creation.fr\/en\/our-expertise\/#primaryimage"},"image":{"@id":"https:\/\/atlas-creation.fr\/en\/our-expertise\/#primaryimage"},"thumbnailUrl":"https:\/\/atlas-creation.fr\/en\/wp-content\/uploads\/2024\/11\/couple-of-rings-600x504.png","datePublished":"2024-05-15T04:33:52+00:00","dateModified":"2024-11-21T14:54:57+00:00","description":"Plongez dans l'expertise de nos artisans passionn\u00e9s. D\u00e9couvrez notre savoir-faire unique en cr\u00e9ation de bijoux et accessoires artisanaux, alliant tradition et innovation.","breadcrumb":{"@id":"https:\/\/atlas-creation.fr\/en\/our-expertise\/#breadcrumb"},"inLanguage":"en-US","potentialAction":[{"@type":"ReadAction","target":["https:\/\/atlas-creation.fr\/en\/our-expertise\/"]}]},{"@type":"ImageObject","inLanguage":"en-US","@id":"https:\/\/atlas-creation.fr\/en\/our-expertise\/#primaryimage","url":"https:\/\/atlas-creation.fr\/en\/wp-content\/uploads\/2024\/11\/couple-of-rings.png","contentUrl":"https:\/\/atlas-creation.fr\/en\/wp-content\/uploads\/2024\/11\/couple-of-rings.png","width":671,"height":504},{"@type":"BreadcrumbList","@id":"https:\/\/atlas-creation.fr\/en\/our-expertise\/#breadcrumb","itemListElement":[{"@type":"ListItem","position":1,"name":"Accueil","item":"https:\/\/atlas-creation.fr\/en\/"},{"@type":"ListItem","position":2,"name":"Our Expertise"}]},{"@type":"WebSite","@id":"https:\/\/atlas-creation.fr\/en\/#website","url":"https:\/\/atlas-creation.fr\/en\/","name":"Atlas Cr\u00e9ation","description":"","publisher":{"@id":"https:\/\/atlas-creation.fr\/en\/#organization"},"potentialAction":[{"@type":"SearchAction","target":{"@type":"EntryPoint","urlTemplate":"https:\/\/atlas-creation.fr\/en\/?s={search_term_string}"},"query-input":{"@type":"PropertyValueSpecification","valueRequired":true,"valueName":"search_term_string"}}],"inLanguage":"en-US"},{"@type":"Organization","@id":"https:\/\/atlas-creation.fr\/en\/#organization","name":"Atlas Cr\u00e9ation","url":"https:\/\/atlas-creation.fr\/en\/","logo":{"@type":"ImageObject","inLanguage":"en-US","@id":"https:\/\/atlas-creation.fr\/en\/#\/schema\/logo\/image\/","url":"https:\/\/atlas-creation.fr\/en\/wp-content\/uploads\/2024\/04\/logo-atlas-noir.png","contentUrl":"https:\/\/atlas-creation.fr\/en\/wp-content\/uploads\/2024\/04\/logo-atlas-noir.png","width":896,"height":420,"caption":"Atlas Cr\u00e9ation"},"image":{"@id":"https:\/\/atlas-creation.fr\/en\/#\/schema\/logo\/image\/"}}]}},"_links":{"self":[{"href":"https:\/\/atlas-creation.fr\/en\/wp-json\/wp\/v2\/pages\/1458","targetHints":{"allow":["GET"]}}],"collection":[{"href":"https:\/\/atlas-creation.fr\/en\/wp-json\/wp\/v2\/pages"}],"about":[{"href":"https:\/\/atlas-creation.fr\/en\/wp-json\/wp\/v2\/types\/page"}],"author":[{"embeddable":true,"href":"https:\/\/atlas-creation.fr\/en\/wp-json\/wp\/v2\/users\/1"}],"replies":[{"embeddable":true,"href":"https:\/\/atlas-creation.fr\/en\/wp-json\/wp\/v2\/comments?post=1458"}],"version-history":[{"count":213,"href":"https:\/\/atlas-creation.fr\/en\/wp-json\/wp\/v2\/pages\/1458\/revisions"}],"predecessor-version":[{"id":4846,"href":"https:\/\/atlas-creation.fr\/en\/wp-json\/wp\/v2\/pages\/1458\/revisions\/4846"}],"wp:attachment":[{"href":"https:\/\/atlas-creation.fr\/en\/wp-json\/wp\/v2\/media?parent=1458"}],"curies":[{"name":"wp","href":"https:\/\/api.w.org\/{rel}","templated":true}]}}